{"id":572,"date":"2025-06-21T17:32:30","date_gmt":"2025-06-21T20:32:30","guid":{"rendered":"https:\/\/www.mmworldwide.com\/?page_id=572"},"modified":"2025-06-25T17:06:38","modified_gmt":"2025-06-25T20:06:38","slug":"preferencias-de-cookies","status":"publish","type":"page","link":"https:\/\/www.mmworldwide.com\/en\/preferencias-de-cookies\/","title":{"rendered":"Preferencias de cookies \u203a"},"content":{"rendered":"<div data-elementor-type=\"wp-page\" data-elementor-id=\"572\" class=\"elementor elementor-572\" data-elementor-post-type=\"page\">\n\t\t\t\t<div class=\"elementor-element elementor-element-07cb88c e-flex e-con-boxed e-con e-parent\" data-id=\"07cb88c\" data-element_type=\"container\">\n\t\t\t\t\t<div class=\"e-con-inner\">\n\t\t\t\t<div class=\"elementor-element elementor-element-bad40ff elementor-widget elementor-widget-text-editor\" data-id=\"bad40ff\" data-element_type=\"widget\" data-widget_type=\"text-editor.default\">\n\t\t\t\t\t\t\t\t\t<p><b>Preferencias de Cookies<\/b><\/p><p><span style=\"font-weight: 400;\">Nuestro sitio web utiliza cookies para mejorar tu experiencia de navegaci\u00f3n. Algunas cookies son esenciales para el funcionamiento del sitio, mientras que otras nos ayudan a entender c\u00f3mo se usa el sitio y a mejorar nuestros servicios.<\/span><\/p><p><b>\u00bfQu\u00e9 son las cookies?<\/b><\/p><p><span style=\"font-weight: 400;\">Son peque\u00f1os archivos de texto que se almacenan en tu dispositivo cuando visit\u00e1s un sitio web.<\/span><\/p><p><b>Tipos de cookies que usamos:<\/b><\/p><ul><li style=\"font-weight: 400;\" aria-level=\"1\"><b>Cookies esenciales<\/b><span style=\"font-weight: 400;\">: necesarias para el funcionamiento b\u00e1sico del sitio (por ejemplo, formularios de contacto).<\/span><\/li><li style=\"font-weight: 400;\" aria-level=\"1\"><b>Cookies anal\u00edticas<\/b><span style=\"font-weight: 400;\">: nos ayudan a entender c\u00f3mo los usuarios interact\u00faan con el sitio (por ejemplo, Google Analytics).<\/span><\/li><li style=\"font-weight: 400;\" aria-level=\"1\"><b>Cookies de terceros<\/b><span style=\"font-weight: 400;\">: pueden ser usadas por servicios externos integrados (como mapas, videos, etc.).\u2028<\/span><\/li><\/ul><p><b>Gesti\u00f3n de cookies<\/b><\/p><p><span style=\"font-weight: 400;\">Al entrar al sitio, pod\u00e9s aceptar o rechazar el uso de cookies no esenciales. Tambi\u00e9n pod\u00e9s cambiar tus preferencias en cualquier momento desde la configuraci\u00f3n de tu navegador.<\/span><\/p><p><span style=\"font-weight: 400;\">Para m\u00e1s informaci\u00f3n sobre c\u00f3mo gestionamos tus datos, consult\u00e1 nuestra Pol\u00edtica de Privacidad.<\/span><\/p>\t\t\t\t\t\t\t\t<\/div>\n\t\t\t\t\t<\/div>\n\t\t\t\t<\/div>\n\t\t\t\t<\/div>","protected":false},"excerpt":{"rendered":"<p>Preferencias de Cookies Nuestro sitio web utiliza cookies para mejorar tu experiencia de navegaci\u00f3n. Algunas cookies son esenciales para el funcionamiento del sitio, mientras que otras nos ayudan a entender c\u00f3mo se usa el sitio y a mejorar nuestros servicios. \u00bfQu\u00e9 son las cookies? Son peque\u00f1os archivos de texto que se almacenan en tu dispositivo [&hellip;]<\/p>","protected":false},"author":1,"featured_media":0,"parent":0,"menu_order":0,"comment_status":"closed","ping_status":"closed","template":"","meta":{"_acf_changed":false,"footnotes":""},"class_list":["post-572","page","type-page","status-publish","hentry"],"acf":[],"yoast_head":"<!-- This site is optimized with the Yoast SEO plugin v27.2 - https:\/\/yoast.com\/product\/yoast-seo-wordpress\/ -->\n<title>Preferencias de cookies \u203a - M&amp;M WorldWide<\/title>\n<meta name=\"robots\" content=\"index, follow, max-snippet:-1, max-image-preview:large, max-video-preview:-1\" \/>\n<link rel=\"canonical\" href=\"https:\/\/www.mmworldwide.com\/en\/preferencias-de-cookies\/\" \/>\n<meta property=\"og:locale\" content=\"en_US\" \/>\n<meta property=\"og:type\" content=\"article\" \/>\n<meta property=\"og:title\" content=\"Preferencias de cookies \u203a - M&amp;M WorldWide\" \/>\n<meta property=\"og:description\" content=\"Preferencias de Cookies Nuestro sitio web utiliza cookies para mejorar tu experiencia de navegaci\u00f3n. Algunas cookies son esenciales para el funcionamiento del sitio, mientras que otras nos ayudan a entender c\u00f3mo se usa el sitio y a mejorar nuestros servicios. \u00bfQu\u00e9 son las cookies? Son peque\u00f1os archivos de texto que se almacenan en tu dispositivo [&hellip;]\" \/>\n<meta property=\"og:url\" content=\"https:\/\/www.mmworldwide.com\/en\/preferencias-de-cookies\/\" \/>\n<meta property=\"og:site_name\" content=\"M&amp;M WorldWide\" \/>\n<meta property=\"article:modified_time\" content=\"2025-06-25T20:06:38+00:00\" \/>\n<meta name=\"twitter:card\" content=\"summary_large_image\" \/>\n<meta name=\"twitter:label1\" content=\"Est. reading time\" \/>\n\t<meta name=\"twitter:data1\" content=\"1 minute\" \/>\n<script type=\"application\/ld+json\" class=\"yoast-schema-graph\">{\"@context\":\"https:\/\/schema.org\",\"@graph\":[{\"@type\":\"WebPage\",\"@id\":\"https:\/\/www.mmworldwide.com\/preferencias-de-cookies\/\",\"url\":\"https:\/\/www.mmworldwide.com\/preferencias-de-cookies\/\",\"name\":\"Preferencias de cookies \u203a - M&amp;M WorldWide\",\"isPartOf\":{\"@id\":\"https:\/\/www.mmworldwide.com\/#website\"},\"datePublished\":\"2025-06-21T20:32:30+00:00\",\"dateModified\":\"2025-06-25T20:06:38+00:00\",\"breadcrumb\":{\"@id\":\"https:\/\/www.mmworldwide.com\/preferencias-de-cookies\/#breadcrumb\"},\"inLanguage\":\"en-US\",\"potentialAction\":[{\"@type\":\"ReadAction\",\"target\":[\"https:\/\/www.mmworldwide.com\/preferencias-de-cookies\/\"]}]},{\"@type\":\"BreadcrumbList\",\"@id\":\"https:\/\/www.mmworldwide.com\/preferencias-de-cookies\/#breadcrumb\",\"itemListElement\":[{\"@type\":\"ListItem\",\"position\":1,\"name\":\"Inicio\",\"item\":\"https:\/\/www.mmworldwide.com\/\"},{\"@type\":\"ListItem\",\"position\":2,\"name\":\"Preferencias de cookies \u203a\"}]},{\"@type\":\"WebSite\",\"@id\":\"https:\/\/www.mmworldwide.com\/#website\",\"url\":\"https:\/\/www.mmworldwide.com\/\",\"name\":\"M&M WorldWide\",\"description\":\"Una red log\u00edstica global, pensada para su negocio\",\"publisher\":{\"@id\":\"https:\/\/www.mmworldwide.com\/#organization\"},\"potentialAction\":[{\"@type\":\"SearchAction\",\"target\":{\"@type\":\"EntryPoint\",\"urlTemplate\":\"https:\/\/www.mmworldwide.com\/?s={search_term_string}\"},\"query-input\":{\"@type\":\"PropertyValueSpecification\",\"valueRequired\":true,\"valueName\":\"search_term_string\"}}],\"inLanguage\":\"en-US\"},{\"@type\":\"Organization\",\"@id\":\"https:\/\/www.mmworldwide.com\/#organization\",\"name\":\"M&M WorldWide\",\"url\":\"https:\/\/www.mmworldwide.com\/\",\"logo\":{\"@type\":\"ImageObject\",\"inLanguage\":\"en-US\",\"@id\":\"https:\/\/www.mmworldwide.com\/#\/schema\/logo\/image\/\",\"url\":\"https:\/\/www.mmworldwide.com\/wp-content\/uploads\/mmww-logo.svg\",\"contentUrl\":\"https:\/\/www.mmworldwide.com\/wp-content\/uploads\/mmww-logo.svg\",\"width\":109,\"height\":72,\"caption\":\"M&M WorldWide\"},\"image\":{\"@id\":\"https:\/\/www.mmworldwide.com\/#\/schema\/logo\/image\/\"}}]}<\/script>\n<!-- \/ Yoast SEO plugin. -->","yoast_head_json":{"title":"Preferencias de cookies \u203a - M&amp;M WorldWide","robots":{"index":"index","follow":"follow","max-snippet":"max-snippet:-1","max-image-preview":"max-image-preview:large","max-video-preview":"max-video-preview:-1"},"canonical":"https:\/\/www.mmworldwide.com\/en\/preferencias-de-cookies\/","og_locale":"en_US","og_type":"article","og_title":"Preferencias de cookies \u203a - M&amp;M WorldWide","og_description":"Preferencias de Cookies Nuestro sitio web utiliza cookies para mejorar tu experiencia de navegaci\u00f3n. Algunas cookies son esenciales para el funcionamiento del sitio, mientras que otras nos ayudan a entender c\u00f3mo se usa el sitio y a mejorar nuestros servicios. \u00bfQu\u00e9 son las cookies? Son peque\u00f1os archivos de texto que se almacenan en tu dispositivo [&hellip;]","og_url":"https:\/\/www.mmworldwide.com\/en\/preferencias-de-cookies\/","og_site_name":"M&amp;M WorldWide","article_modified_time":"2025-06-25T20:06:38+00:00","twitter_card":"summary_large_image","twitter_misc":{"Est. reading time":"1 minute"},"schema":{"@context":"https:\/\/schema.org","@graph":[{"@type":"WebPage","@id":"https:\/\/www.mmworldwide.com\/preferencias-de-cookies\/","url":"https:\/\/www.mmworldwide.com\/preferencias-de-cookies\/","name":"Preferencias de cookies \u203a - M&amp;M WorldWide","isPartOf":{"@id":"https:\/\/www.mmworldwide.com\/#website"},"datePublished":"2025-06-21T20:32:30+00:00","dateModified":"2025-06-25T20:06:38+00:00","breadcrumb":{"@id":"https:\/\/www.mmworldwide.com\/preferencias-de-cookies\/#breadcrumb"},"inLanguage":"en-US","potentialAction":[{"@type":"ReadAction","target":["https:\/\/www.mmworldwide.com\/preferencias-de-cookies\/"]}]},{"@type":"BreadcrumbList","@id":"https:\/\/www.mmworldwide.com\/preferencias-de-cookies\/#breadcrumb","itemListElement":[{"@type":"ListItem","position":1,"name":"Inicio","item":"https:\/\/www.mmworldwide.com\/"},{"@type":"ListItem","position":2,"name":"Preferencias de cookies \u203a"}]},{"@type":"WebSite","@id":"https:\/\/www.mmworldwide.com\/#website","url":"https:\/\/www.mmworldwide.com\/","name":"M&M WorldWide","description":"Una red log\u00edstica global, pensada para su negocio","publisher":{"@id":"https:\/\/www.mmworldwide.com\/#organization"},"potentialAction":[{"@type":"SearchAction","target":{"@type":"EntryPoint","urlTemplate":"https:\/\/www.mmworldwide.com\/?s={search_term_string}"},"query-input":{"@type":"PropertyValueSpecification","valueRequired":true,"valueName":"search_term_string"}}],"inLanguage":"en-US"},{"@type":"Organization","@id":"https:\/\/www.mmworldwide.com\/#organization","name":"M&M WorldWide","url":"https:\/\/www.mmworldwide.com\/","logo":{"@type":"ImageObject","inLanguage":"en-US","@id":"https:\/\/www.mmworldwide.com\/#\/schema\/logo\/image\/","url":"https:\/\/www.mmworldwide.com\/wp-content\/uploads\/mmww-logo.svg","contentUrl":"https:\/\/www.mmworldwide.com\/wp-content\/uploads\/mmww-logo.svg","width":109,"height":72,"caption":"M&M WorldWide"},"image":{"@id":"https:\/\/www.mmworldwide.com\/#\/schema\/logo\/image\/"}}]}},"_links":{"self":[{"href":"https:\/\/www.mmworldwide.com\/en\/wp-json\/wp\/v2\/pages\/572","targetHints":{"allow":["GET"]}}],"collection":[{"href":"https:\/\/www.mmworldwide.com\/en\/wp-json\/wp\/v2\/pages"}],"about":[{"href":"https:\/\/www.mmworldwide.com\/en\/wp-json\/wp\/v2\/types\/page"}],"author":[{"embeddable":true,"href":"https:\/\/www.mmworldwide.com\/en\/wp-json\/wp\/v2\/users\/1"}],"replies":[{"embeddable":true,"href":"https:\/\/www.mmworldwide.com\/en\/wp-json\/wp\/v2\/comments?post=572"}],"version-history":[{"count":4,"href":"https:\/\/www.mmworldwide.com\/en\/wp-json\/wp\/v2\/pages\/572\/revisions"}],"predecessor-version":[{"id":860,"href":"https:\/\/www.mmworldwide.com\/en\/wp-json\/wp\/v2\/pages\/572\/revisions\/860"}],"wp:attachment":[{"href":"https:\/\/www.mmworldwide.com\/en\/wp-json\/wp\/v2\/media?parent=572"}],"curies":[{"name":"wp","href":"https:\/\/api.w.org\/{rel}","templated":true}]}}